{"id":1022,"date":"2011-11-24T20:32:33","date_gmt":"2011-11-24T18:32:33","guid":{"rendered":"http:\/\/www.eitboard.de\/?page_id=1022"},"modified":"2016-08-23T19:29:43","modified_gmt":"2016-08-23T17:29:43","slug":"elektronische-bauelemente","status":"publish","type":"page","link":"https:\/\/eitboard.fs04.de\/?page_id=1022","title":{"rendered":"Elektr. Bauelemente"},"content":{"rendered":"<h2>Vorlesungsmaterial<\/h2>\n<p>[toggle title=&#8220;Allgemein&#8220;]<\/p>\n<table border=\"1\">\n<tbody>\n<tr>\n<th>Vorlesung<\/th>\n<th>Stand<\/th>\n<\/tr>\n<tr>\n<td style=\"width: 90%;\">Formelsammlung (<a href=\"wp-content\/unterlagen\/02semester\/elektronische_bauelemente_elba\/02_elba_0000_v_000001_f_130215.pdf\" target=\"_blank\">pdf<\/a>)<\/td>\n<td>pf\u00fcch<\/td>\n<\/tr>\n<tr>\n<td style=\"width: 90%;\">M\u00f6gliche Pr\u00fcfungsfragen (<a href=\"wp-content\/unterlagen\/02semester\/elektronische_bauelemente_elba\/02_elba_0000_v_000001_z_130215.pdf\" target=\"_blank\">pdf<\/a>)<\/td>\n<td>pf\u00fcch<\/td>\n<\/tr>\n<\/tbody>\n<\/table>\n<p>[\/toggle]<br \/>\n[toggle title=&#8220;Prof. Mader&#8220;]<\/p>\n<table border=\"1\">\n<tbody>\n<tr>\n<th>Praktikum<\/th>\n<th>Stand<\/th>\n<\/tr>\n<tr>\n<td style=\"width: 90%;\">02 &#8211; Bipolarer Transistor (<a href=\"wp-content\/unterlagen\/02semester\/elektronische_bauelemente_elba\/02_elba_mahe_p_000002_l_111124.pdf\" target=\"_blank\">pdf<\/a>)<\/td>\n<td>WS10<\/td>\n<\/tr>\n<\/tbody>\n<\/table>\n<p>[\/toggle]<br \/>\n[box style=&#8220;tip&#8220;]Fehler gefunden? Verbesserungsvorschl\u00e4ge? Erg\u00e4nzungen? &#8211; Dann sag uns Bescheid.[\/box]<\/p>\n","protected":false},"excerpt":{"rendered":"<p>Vorlesungsmaterial [toggle title=&#8220;Allgemein&#8220;] Vorlesung Stand Formelsammlung (pdf) pf\u00fcch M\u00f6gliche Pr\u00fcfungsfragen (pdf) pf\u00fcch [\/toggle] [toggle title=&#8220;Prof. Mader&#8220;] Praktikum Stand 02 &#8211; Bipolarer Transistor (pdf) WS10 [\/toggle] [box style=&#8220;tip&#8220;]Fehler gefunden? Verbesserungsvorschl\u00e4ge? Erg\u00e4nzungen? &#8211; Dann sag uns Bescheid.[\/box]<\/p>\n","protected":false},"author":2,"featured_media":0,"parent":560,"menu_order":0,"comment_status":"closed","ping_status":"closed","template":"","meta":{"footnotes":""},"class_list":["post-1022","page","type-page","status-publish","hentry"],"_links":{"self":[{"href":"https:\/\/eitboard.fs04.de\/index.php?rest_route=\/wp\/v2\/pages\/1022","targetHints":{"allow":["GET"]}}],"collection":[{"href":"https:\/\/eitboard.fs04.de\/index.php?rest_route=\/wp\/v2\/pages"}],"about":[{"href":"https:\/\/eitboard.fs04.de\/index.php?rest_route=\/wp\/v2\/types\/page"}],"author":[{"embeddable":true,"href":"https:\/\/eitboard.fs04.de\/index.php?rest_route=\/wp\/v2\/users\/2"}],"replies":[{"embeddable":true,"href":"https:\/\/eitboard.fs04.de\/index.php?rest_route=%2Fwp%2Fv2%2Fcomments&post=1022"}],"version-history":[{"count":2,"href":"https:\/\/eitboard.fs04.de\/index.php?rest_route=\/wp\/v2\/pages\/1022\/revisions"}],"predecessor-version":[{"id":7675,"href":"https:\/\/eitboard.fs04.de\/index.php?rest_route=\/wp\/v2\/pages\/1022\/revisions\/7675"}],"up":[{"embeddable":true,"href":"https:\/\/eitboard.fs04.de\/index.php?rest_route=\/wp\/v2\/pages\/560"}],"wp:attachment":[{"href":"https:\/\/eitboard.fs04.de\/index.php?rest_route=%2Fwp%2Fv2%2Fmedia&parent=1022"}],"curies":[{"name":"wp","href":"https:\/\/api.w.org\/{rel}","templated":true}]}}