{"id":2888,"date":"2012-04-22T20:06:37","date_gmt":"2012-04-22T18:06:37","guid":{"rendered":"http:\/\/www.eitboard.de\/?page_id=2888"},"modified":"2014-03-10T21:06:01","modified_gmt":"2014-03-10T19:06:01","slug":"kommunikation","status":"publish","type":"page","link":"https:\/\/eitboard.fs04.de\/?page_id=2888","title":{"rendered":"Kommunikation"},"content":{"rendered":"<h2>Pr\u00e4sentationen (nach Thema)<\/h2>\n<p>[toggle title=&#8220;Ra\u00dfhofer&#8220;]<\/p>\n<table border=\"1\">\n<tbody>\n<tr>\n<th><\/th>\n<th>Stand<\/th>\n<\/tr>\n<tr>\n<td style=\"width: 90%;\">Moderation (Pr\u00e4sentation (<a href=\"wp-content\/unterlagen\/04semester\/kommunikation_komm\/04_komm_raru_v_000101_z_120422.pdf\" target=\"_blank\">pdf<\/a>),(<a href=\"wp-content\/unterlagen\/04semester\/kommunikation_komm\/04_raru_v_000103_z_120515.key\" target=\"_blank\">key<\/a>), Handout <a href=\"wp-content\/unterlagen\/04semester\/kommunikation_komm\/04_komm_raru_v_000102_z_120422.pdf\" target=\"_blank\">pdf<\/a>)<\/td>\n<td>SS12<\/td>\n<\/tr>\n<\/tbody>\n<\/table>\n<p>[\/toggle]<\/p>\n<h2>N\u00fctzliche Links<\/h2>\n<p><a href=\"http:\/\/www.ewi-psy.fu-berlin.de\/einrichtungen\/arbeitsbereiche\/arbpsych\/media\/lehre\/ws0708\/12672\/harvard_konzept.pdf\" target=\"_blank\">Havard-Konzept<\/a> &#8211; FU Berlin<br \/>\n<a href=\"http:\/\/wiki.zum.de\/images\/1\/10\/4-Seiten-Modell.pdf\" target=\"_blank\">Vier-Seiten-Modell<\/a> &#8211; ZUM Wiki<br \/>\n<a href=\"http:\/\/www.altenpflege.vincentz.net\/fileserver\/vincentzverlag\/files\/54600\/54637\/Vier-Ohren-Modell.pdf\" title=\"4 seiten Modell\" target=\"_blank\">Vier-Seiten-Modell<\/a> &#8211; Vincentz Verlag<\/p>\n<p>\n[box style=&#8220;tip&#8220;]Fehler gefunden? Verbesserungsvorschl\u00e4ge? Erg\u00e4nzungen? &#8211; Dann sag <a href=\"mailto:eitboardmuc@gmail.com\">uns<\/a> Bescheid.[\/box]<\/p>\n","protected":false},"excerpt":{"rendered":"<p>Pr\u00e4sentationen (nach Thema) [toggle title=&#8220;Ra\u00dfhofer&#8220;] Stand Moderation (Pr\u00e4sentation (pdf),(key), Handout pdf) SS12 [\/toggle] N\u00fctzliche Links Havard-Konzept &#8211; FU Berlin Vier-Seiten-Modell &#8211; ZUM Wiki Vier-Seiten-Modell &#8211; Vincentz Verlag [box style=&#8220;tip&#8220;]Fehler gefunden? Verbesserungsvorschl\u00e4ge? Erg\u00e4nzungen? &#8211; Dann sag uns Bescheid.[\/box]<\/p>\n","protected":false},"author":1,"featured_media":0,"parent":856,"menu_order":2,"comment_status":"closed","ping_status":"closed","template":"page-fullwidth.php","meta":{"footnotes":""},"class_list":["post-2888","page","type-page","status-publish","hentry"],"_links":{"self":[{"href":"https:\/\/eitboard.fs04.de\/index.php?rest_route=\/wp\/v2\/pages\/2888","targetHints":{"allow":["GET"]}}],"collection":[{"href":"https:\/\/eitboard.fs04.de\/index.php?rest_route=\/wp\/v2\/pages"}],"about":[{"href":"https:\/\/eitboard.fs04.de\/index.php?rest_route=\/wp\/v2\/types\/page"}],"author":[{"embeddable":true,"href":"https:\/\/eitboard.fs04.de\/index.php?rest_route=\/wp\/v2\/users\/1"}],"replies":[{"embeddable":true,"href":"https:\/\/eitboard.fs04.de\/index.php?rest_route=%2Fwp%2Fv2%2Fcomments&post=2888"}],"version-history":[{"count":1,"href":"https:\/\/eitboard.fs04.de\/index.php?rest_route=\/wp\/v2\/pages\/2888\/revisions"}],"predecessor-version":[{"id":7375,"href":"https:\/\/eitboard.fs04.de\/index.php?rest_route=\/wp\/v2\/pages\/2888\/revisions\/7375"}],"up":[{"embeddable":true,"href":"https:\/\/eitboard.fs04.de\/index.php?rest_route=\/wp\/v2\/pages\/856"}],"wp:attachment":[{"href":"https:\/\/eitboard.fs04.de\/index.php?rest_route=%2Fwp%2Fv2%2Fmedia&parent=2888"}],"curies":[{"name":"wp","href":"https:\/\/api.w.org\/{rel}","templated":true}]}}