{"id":4159,"date":"2012-11-27T22:53:49","date_gmt":"2012-11-27T20:53:49","guid":{"rendered":"http:\/\/www.eitboard.de\/?page_id=4159"},"modified":"2016-08-23T19:29:29","modified_gmt":"2016-08-23T17:29:29","slug":"physik","status":"publish","type":"page","link":"https:\/\/eitboard.fs04.de\/?page_id=4159","title":{"rendered":"Physik"},"content":{"rendered":"<h2>Tutorium<\/h2>\n<p>[toggle title=&#8220;Prof. Palm&#8220;]<\/p>\n<p>Damir Rusiti<\/p>\n<p>[\/toggle]<br \/>\n[box style=&#8220;tip&#8220;]Fehler gefunden? Verbesserungsvorschl\u00e4ge? Erg\u00e4nzungen? &#8211; Dann sag uns Bescheid.[\/box]<\/p>\n<table border=\"1\">\n<tbody>\n<tr>\n<th>Skript<\/th>\n<th>Stand<\/th>\n<\/tr>\n<tr>\n<td style=\"width: 90%;\">DGL einer Welle (<a href=\"wp-content\/unterlagen\/01semester\/physik_phys\/01_phys_klpe_t_000001_s_121127.pdf\" target=\"_blank\">pdf<\/a>)<\/td>\n<td>WS12<\/td>\n<\/tr>\n<\/tbody>\n<tbody>\n<tr>\n<th>Erg\u00e4nzungen<\/th>\n<th>Stand<\/th>\n<\/tr>\n<tr>\n<td style=\"width: 90%;\">Checkliste f\u00fcr die Klausur (<a href=\"wp-content\/unterlagen\/01semester\/physik_phys\/01_phys_klpe_t_000001_e_121128.pdf\" target=\"_blank\">pdf<\/a>)<\/td>\n<td>WS12<\/td>\n<\/tr>\n<tr>\n<td style=\"width: 90%;\">Pr\u00fcfungsrelevante Aufgaben (<a href=\"wp-content\/unterlagen\/01semester\/physik_phys\/01_phys_klpe_t_000002_e_121128.pdf\" target=\"_blank\">pdf<\/a>)<\/td>\n<td>WS12<\/td>\n<\/tr>\n<tr>\n<td style=\"width: 90%;\">Pr\u00fcfungsrelevante Aufgaben 2 (<a href=\"wp-content\/unterlagen\/01semester\/physik_phys\/01_phys_klpe_t_000003_e_130117.pdf\" target=\"_blank\">pdf<\/a>)<\/td>\n<td>WS12<\/td>\n<\/tr>\n<\/tbody>\n<\/table>\n","protected":false},"excerpt":{"rendered":"<p>Tutorium [toggle title=&#8220;Prof. Palm&#8220;] Damir Rusiti [\/toggle] [box style=&#8220;tip&#8220;]Fehler gefunden? Verbesserungsvorschl\u00e4ge? Erg\u00e4nzungen? &#8211; Dann sag uns Bescheid.[\/box] Skript Stand DGL einer Welle (pdf) WS12 Erg\u00e4nzungen Stand Checkliste f\u00fcr die Klausur (pdf) WS12 Pr\u00fcfungsrelevante Aufgaben (pdf) WS12 Pr\u00fcfungsrelevante Aufgaben 2 (pdf) WS12<\/p>\n","protected":false},"author":1,"featured_media":0,"parent":861,"menu_order":0,"comment_status":"closed","ping_status":"closed","template":"","meta":{"footnotes":""},"class_list":["post-4159","page","type-page","status-publish","hentry"],"_links":{"self":[{"href":"https:\/\/eitboard.fs04.de\/index.php?rest_route=\/wp\/v2\/pages\/4159","targetHints":{"allow":["GET"]}}],"collection":[{"href":"https:\/\/eitboard.fs04.de\/index.php?rest_route=\/wp\/v2\/pages"}],"about":[{"href":"https:\/\/eitboard.fs04.de\/index.php?rest_route=\/wp\/v2\/types\/page"}],"author":[{"embeddable":true,"href":"https:\/\/eitboard.fs04.de\/index.php?rest_route=\/wp\/v2\/users\/1"}],"replies":[{"embeddable":true,"href":"https:\/\/eitboard.fs04.de\/index.php?rest_route=%2Fwp%2Fv2%2Fcomments&post=4159"}],"version-history":[{"count":2,"href":"https:\/\/eitboard.fs04.de\/index.php?rest_route=\/wp\/v2\/pages\/4159\/revisions"}],"predecessor-version":[{"id":7672,"href":"https:\/\/eitboard.fs04.de\/index.php?rest_route=\/wp\/v2\/pages\/4159\/revisions\/7672"}],"up":[{"embeddable":true,"href":"https:\/\/eitboard.fs04.de\/index.php?rest_route=\/wp\/v2\/pages\/861"}],"wp:attachment":[{"href":"https:\/\/eitboard.fs04.de\/index.php?rest_route=%2Fwp%2Fv2%2Fmedia&parent=4159"}],"curies":[{"name":"wp","href":"https:\/\/api.w.org\/{rel}","templated":true}]}}