{"id":418,"date":"2011-10-30T16:52:25","date_gmt":"2011-10-30T14:52:25","guid":{"rendered":"http:\/\/78.47.122.146\/?page_id=418"},"modified":"2016-08-23T19:30:25","modified_gmt":"2016-08-23T17:30:25","slug":"elektr-schaltwerke","status":"publish","type":"page","link":"https:\/\/eitboard.fs04.de\/?page_id=418","title":{"rendered":"Digitale Schaltwerke"},"content":{"rendered":"<h2>Vorlesungsmaterial<\/h2>\n<p>[toggle title=&#8220;Prof. Jaschul\/Schmitt&#8220;]<\/p>\n<table border=\"1\">\n<tbody>\n<tr>\n<th>Praktikum<\/th>\n<th>Stand<\/th>\n<\/tr>\n<tr>\n<td style=\"width: 90%;\">Versuch 1 &#8211; Schaltnetze (<a href=\"wp-content\/unterlagen\/03semester\/digitale_schaltwerke_disc\/03_disc_jajo_p_000001_l_111112.pdf\" target=\"_blank\">pdf<\/a>)<\/td>\n<td>SS11<\/td>\n<\/tr>\n<tr>\n<td>Versuch 2 &#8211; Flipflops (<a href=\"wp-content\/unterlagen\/\/03semester\/digitale_schaltwerke_disc\/03_disc_jajo_p_000002_l_111112.pdf\" target=\"_blank\">pdf<\/a>)<\/td>\n<td>SS11<\/td>\n<\/tr>\n<tr>\n<td>Versuch 3 &#8211; Z\u00e4hler (<a href=\"wp-content\/unterlagen\/\/03semester\/digitale_schaltwerke_disc\/03_disc_jajo_p_000003_l_111216.pdf\" target=\"_blank\">pdf<\/a>)<\/td>\n<td>SS11<\/td>\n<\/tr>\n<tr>\n<td>Versuch 4 &#8211; Rechenwerk (<a href=\"wp-content\/unterlagen\/\/03semester\/digitale_schaltwerke_disc\/03_disc_jajo_p_000004_l_111112.pdf\" target=\"_blank\">pdf<\/a>)<\/td>\n<td>SS11<\/td>\n<\/tr>\n<tr>\n<td>Versuch 5 &#8211; Steuerwerk (<a href=\"wp-content\/unterlagen\/\/03semester\/digitale_schaltwerke_disc\/03_disc_jajo_p_000005_l_111220.pdf\" target=\"_blank\">pdf<\/a>)<\/td>\n<td>SS11<\/td>\n<\/tr>\n<\/tbody>\n<\/table>\n<table border=\"1\">\n<tbody>\n<tr>\n<th>Erg\u00e4nzungen<\/th>\n<th>Stand<\/th>\n<\/tr>\n<tr>\n<td style=\"width: 90%;\">Kurze Zusammenfassung (<a href=\"wp-content\/unterlagen\/03semester\/digitale_schaltwerke_disc\/03_disc_jajo_v_000000_z_120117.pdf\" target=\"_blank\">pdf<\/a>)<\/td>\n<td>WS11<\/td>\n<\/tr>\n<tr>\n<td style=\"width: 90%;\">L\u00e4ngere Zusammenfassung (<a href=\"wp-content\/unterlagen\/03semester\/digitale_schaltwerke_disc\/03_disc_jajo_v_000101_z_120620.pdf\" target=\"_blank\">Teil1<\/a>, <a href=\"wp-content\/unterlagen\/03semester\/digitale_schaltwerke_disc\/03_disc_jajo_v_000102_z_120702.pdf\" target=\"_blank\">Teil2<\/a>)<\/td>\n<td>SS12<\/td>\n<\/tr>\n<tr>\n<td style=\"width: 90%;\">\u00dcbersicht: Synthese von Flip-Flops (<a href=\"wp-content\/unterlagen\/03semester\/digitale_schaltwerke_disc\/03_disc_seti_v_000001_e_120707.pdf\" target=\"_blank\">pdf<\/a>)<\/td>\n<td>SS12<\/td>\n<\/tr>\n<tr>\n<td style=\"width: 90%;\">\u00dcbersicht: Gattern (<a href=\"wp-content\/unterlagen\/03semester\/digitale_schaltwerke_disc\/03_disc_seti_v_000002_e_120711.pdf\" target=\"_blank\">pdf<\/a>)<\/td>\n<td>SS12<\/td>\n<\/tr>\n<tr>\n<td style=\"width: 90%;\">Erkl\u00e4rung zur Speicherkonfiguration (<a href=\"wp-content\/unterlagen\/03semester\/digitale_schaltwerke_disc\/03_disc_seti_v_000003_e_120722.pdf\" target=\"_blank\">pdf<\/a>)<\/td>\n<td>SS12<\/td>\n<\/tr>\n<\/tbody>\n<\/table>\n<p>[\/toggle]<\/p>\n<h2>N\u00fctzliche Links<\/h2>\n<p><a href=\"http:\/\/www.fh-friedberg.de\/fachbereiche\/e2\/digital-labor\/Unterlagen\/DT_Script\/DT1SCKA4.pdf\" target=\"_blank\">Logische Grundschaltungen<\/a> &#8211; FH Friedberg<br \/>\n<a href=\"http:\/\/www.alldatasheet.com\/\" target=\"_blank\"> ALLDATASHEET<\/a> &#8211; Riesige Sammlung von Datenbl\u00e4ttern von Halbleiterelementen<br \/>\n<a title=\"hs mannheim\" href=\"http:\/\/www.informatik.hs-mannheim.de\/~ihme\/rurd_2004ws\/\" target=\"_blank\">Rechnerarchitektur und Rechnertechnik<\/a> &#8211; HS Mannheim<br \/>\n<a href=\"http:\/\/www.fh-friedberg.de\/fachbereiche\/e2\/digital-labor\/Unterlagen\/DT_Script\/DT1SCKA5.pdf\" target=\"_blank\">Programmierbare Logik<\/a> &#8211; FH Friedberg<\/p>\n<p>[box style=&#8220;tip&#8220;]Fehler gefunden? Verbesserungsvorschl\u00e4ge? Erg\u00e4nzungen? &#8211; Dann sag uns Bescheid.[\/box]<\/p>\n","protected":false},"excerpt":{"rendered":"<p>Vorlesungsmaterial [toggle title=&#8220;Prof. Jaschul\/Schmitt&#8220;] Praktikum Stand Versuch 1 &#8211; Schaltnetze (pdf) SS11 Versuch 2 &#8211; Flipflops (pdf) SS11 Versuch 3 &#8211; Z\u00e4hler (pdf) SS11 Versuch 4 &#8211; Rechenwerk (pdf) SS11 Versuch 5 &#8211; Steuerwerk (pdf) SS11 Erg\u00e4nzungen Stand Kurze Zusammenfassung (pdf) WS11 L\u00e4ngere Zusammenfassung (Teil1, Teil2) SS12 \u00dcbersicht: Synthese von Flip-Flops (pdf) SS12 \u00dcbersicht: Gattern [&hellip;]<\/p>\n","protected":false},"author":1,"featured_media":0,"parent":552,"menu_order":1,"comment_status":"closed","ping_status":"closed","template":"","meta":{"footnotes":""},"class_list":["post-418","page","type-page","status-publish","hentry"],"_links":{"self":[{"href":"https:\/\/eitboard.fs04.de\/index.php?rest_route=\/wp\/v2\/pages\/418","targetHints":{"allow":["GET"]}}],"collection":[{"href":"https:\/\/eitboard.fs04.de\/index.php?rest_route=\/wp\/v2\/pages"}],"about":[{"href":"https:\/\/eitboard.fs04.de\/index.php?rest_route=\/wp\/v2\/types\/page"}],"author":[{"embeddable":true,"href":"https:\/\/eitboard.fs04.de\/index.php?rest_route=\/wp\/v2\/users\/1"}],"replies":[{"embeddable":true,"href":"https:\/\/eitboard.fs04.de\/index.php?rest_route=%2Fwp%2Fv2%2Fcomments&post=418"}],"version-history":[{"count":2,"href":"https:\/\/eitboard.fs04.de\/index.php?rest_route=\/wp\/v2\/pages\/418\/revisions"}],"predecessor-version":[{"id":7681,"href":"https:\/\/eitboard.fs04.de\/index.php?rest_route=\/wp\/v2\/pages\/418\/revisions\/7681"}],"up":[{"embeddable":true,"href":"https:\/\/eitboard.fs04.de\/index.php?rest_route=\/wp\/v2\/pages\/552"}],"wp:attachment":[{"href":"https:\/\/eitboard.fs04.de\/index.php?rest_route=%2Fwp%2Fv2%2Fmedia&parent=418"}],"curies":[{"name":"wp","href":"https:\/\/api.w.org\/{rel}","templated":true}]}}