{"id":434,"date":"2011-10-30T17:16:23","date_gmt":"2011-10-30T15:16:23","guid":{"rendered":"http:\/\/78.47.122.146\/?page_id=434"},"modified":"2016-08-23T19:27:19","modified_gmt":"2016-08-23T17:27:19","slug":"algorithmendatenstrukturen","status":"publish","type":"page","link":"https:\/\/eitboard.fs04.de\/?page_id=434","title":{"rendered":"AlgoDat"},"content":{"rendered":"<h2>Vorlesungsmaterial<\/h2>\n<p>[toggle title=&#8220;Allgemein&#8220;]<\/p>\n<table border=\"1\">\n<tbody>\n<tr>\n<th>Zusammenfassungen<\/th>\n<th>Stand<\/th>\n<\/tr>\n<tr>\n<td style=\"width: 90%;\">\u00dcbersicht zu Struktorgramme (<a href=\"wp-content\/unterlagen\/04semester\/programmieren_prog\/04_prog_0000_0_000001_e_130112.pdf\" target=\"_blank\">pdf<\/a>)<\/td>\n<td>pf\u00fcch<\/td>\n<\/tr>\n<\/tbody>\n<\/table>\n<table border=\"1\">\n<tbody>\n<tr>\n<th>Programmieren \u00dcbungsgruppe<\/th>\n<th>Stand<\/th>\n<\/tr>\n<tr>\n<td style=\"width: 90%;\">C Unterlagen (<a href=\"https:\/\/drive.google.com\/folderview?id=0BxP9zN4IVI7xaE5EdTkzZ2puZ2M&amp;usp=sharing\" target=\"_blank\">Drive<\/a>)<\/td>\n<td>WS12<\/td>\n<\/tr>\n<\/tbody>\n<\/table>\n<p>[\/toggle]<br \/>\n[toggle title=&#8220;Prof. Kristl&#8220;] <a href=\"http:\/\/pc01-lsw.ee.hm.edu\/wiki\/Kristl_Prog1?referrer=Kristl_Unterlagen#\" target=\"_blank\">Website<\/a><\/p>\n<table border=\"1\">\n<tbody>\n<tr>\n<th>Praktikum<\/th>\n<th>Stand<\/th>\n<\/tr>\n<tr>\n<td style=\"width: 90%;\">Versuch 1 &#8211; Fakult\u00e4t (<a href=\"wp-content\/unterlagen\/03semester\/algorithmen_und_datenstrukturen_alda\/03_alda_krhe_p_000001_l_112811.c\" target=\"_blank\">Durchf\u00fchrung<\/a>)<\/td>\n<td>WS11<\/td>\n<\/tr>\n<tr>\n<td style=\"width: 90%;\">Versuch 2 &#8211; Sinusfunktion (<a href=\"wp-content\/unterlagen\/03semester\/algorithmen_und_datenstrukturen_alda\/03_alda_krhe_p_000002_l_112811.c\" target=\"_blank\">Durchf\u00fchrung<\/a>)<\/td>\n<td>WS11<\/td>\n<\/tr>\n<tr>\n<td style=\"width: 90%;\">Versuch 3 &#8211; Zahlen raten (<a href=\"wp-content\/unterlagen\/03semester\/algorithmen_und_datenstrukturen_alda\/03_alda_krhe_p_000003_l_112811.c\" target=\"_blank\">Durchf\u00fchrung<\/a>)<\/td>\n<td>WS11<\/td>\n<\/tr>\n<tr>\n<td style=\"width: 90%;\">Versuch 4 &#8211; Dreieck malen (<a href=\"wp-content\/unterlagen\/03semester\/algorithmen_und_datenstrukturen_alda\/03_alda_krhe_p_000004_l_111212.c\" target=\"_blank\">Durchf\u00fchrung<\/a>, <a href=\"wp-content\/unterlagen\/03semester\/algorithmen_und_datenstrukturen_alda\/03_alda_krhe_p_000004_l_111212.zip\" target=\"_blank\">Extras<\/a>)<\/td>\n<td>WS11<\/td>\n<\/tr>\n<tr>\n<td style=\"width: 90%;\">Versuch 5 &#8211; Messreihe verarbeiten (<a href=\"wp-content\/unterlagen\/03semester\/algorithmen_und_datenstrukturen_alda\/03_alda_krhe_p_000005_l_120109.c\" target=\"_blank\">Durchf\u00fchrung<\/a>)<\/td>\n<td>WS11<\/td>\n<\/tr>\n<\/tbody>\n<\/table>\n<p>[\/toggle]<\/p>\n<h2>N\u00fctzliche Links<\/h2>\n<p><a href=\"http:\/\/www.oracle.com\/technetwork\/java\/javase\/downloads\/jdk7u7-downloads-1836413.html\" target=\"_blank\">Java Development Kit (JDK)<\/a><br \/>\n<a href=\"http:\/\/users.ece.utexas.edu\/~adnan\/c-refcard.pdf\" target=\"_blank\">C Reference Card (ANSI)<\/a><br \/>\n<a href=\"http:\/\/structorizer.fisch.lu\/index.php?include=downloads\" target=\"_blank\">Structorizer<\/a><br \/>\n<a href=\"http:\/\/www.uni-giessen.de\/hrz\/software\/programmiersprachen\/C\/c_alles.pdf\" target=\"_blank\"> Programmieren in C<\/a> &#8211; Uni Giessen<br \/>\n<a href=\"http:\/\/www.vorlesungen.uos.de\/informatik\/cc02\/cc.pdf\" target=\"_blank\">Programmieren in C<\/a> &#8211; Uni Osnabr\u00fcck<br \/>\n<a title=\"Wikibooks\" href=\"http:\/\/de.wikibooks.org\/wiki\/C-Programmierung\" target=\"_blank\">C Programmierung<\/a> &#8211; Wikibooks<\/p>\n<p>[box style=&#8220;tip&#8220;]Fehler gefunden? Verbesserungsvorschl\u00e4ge? Erg\u00e4nzungen? &#8211; Dann sag uns Bescheid.[\/box]<\/p>\n","protected":false},"excerpt":{"rendered":"<p>Vorlesungsmaterial [toggle title=&#8220;Allgemein&#8220;] Zusammenfassungen Stand \u00dcbersicht zu Struktorgramme (pdf) pf\u00fcch Programmieren \u00dcbungsgruppe Stand C Unterlagen (Drive) WS12 [\/toggle] [toggle title=&#8220;Prof. Kristl&#8220;] Website Praktikum Stand Versuch 1 &#8211; Fakult\u00e4t (Durchf\u00fchrung) WS11 Versuch 2 &#8211; Sinusfunktion (Durchf\u00fchrung) WS11 Versuch 3 &#8211; Zahlen raten (Durchf\u00fchrung) WS11 Versuch 4 &#8211; Dreieck malen (Durchf\u00fchrung, Extras) WS11 Versuch 5 &#8211; Messreihe [&hellip;]<\/p>\n","protected":false},"author":1,"featured_media":0,"parent":552,"menu_order":0,"comment_status":"closed","ping_status":"closed","template":"","meta":{"footnotes":""},"class_list":["post-434","page","type-page","status-publish","hentry"],"_links":{"self":[{"href":"https:\/\/eitboard.fs04.de\/index.php?rest_route=\/wp\/v2\/pages\/434","targetHints":{"allow":["GET"]}}],"collection":[{"href":"https:\/\/eitboard.fs04.de\/index.php?rest_route=\/wp\/v2\/pages"}],"about":[{"href":"https:\/\/eitboard.fs04.de\/index.php?rest_route=\/wp\/v2\/types\/page"}],"author":[{"embeddable":true,"href":"https:\/\/eitboard.fs04.de\/index.php?rest_route=\/wp\/v2\/users\/1"}],"replies":[{"embeddable":true,"href":"https:\/\/eitboard.fs04.de\/index.php?rest_route=%2Fwp%2Fv2%2Fcomments&post=434"}],"version-history":[{"count":2,"href":"https:\/\/eitboard.fs04.de\/index.php?rest_route=\/wp\/v2\/pages\/434\/revisions"}],"predecessor-version":[{"id":7668,"href":"https:\/\/eitboard.fs04.de\/index.php?rest_route=\/wp\/v2\/pages\/434\/revisions\/7668"}],"up":[{"embeddable":true,"href":"https:\/\/eitboard.fs04.de\/index.php?rest_route=\/wp\/v2\/pages\/552"}],"wp:attachment":[{"href":"https:\/\/eitboard.fs04.de\/index.php?rest_route=%2Fwp%2Fv2%2Fmedia&parent=434"}],"curies":[{"name":"wp","href":"https:\/\/api.w.org\/{rel}","templated":true}]}}