{"id":4811,"date":"2013-02-15T11:47:12","date_gmt":"2013-02-15T09:47:12","guid":{"rendered":"http:\/\/78.47.122.146\/eitboard\/?page_id=4811"},"modified":"2014-03-10T21:03:18","modified_gmt":"2014-03-10T19:03:18","slug":"energieumwandlung-re","status":"publish","type":"page","link":"https:\/\/eitboard.fs04.de\/?page_id=4811","title":{"rendered":"Energieumwandlung (RE)"},"content":{"rendered":"<h2>Vorlesungsmaterial<\/h2>\n<p>[toggle title=&#8220;Allgemein&#8220;]<\/p>\n<table border=\"1\">\n<tbody>\n<tr>\n<th>Vorlesung<\/th>\n<th>Stand<\/th>\n<\/tr>\n<tr>\n<td style=\"width: 90%;\">FS Konventionelle Energieumwandlung (<a href=\"wp-content\/unterlagen\/04semester\/energieumwandlung_ener\/04_ener_0000_v_000001_f_130215.pdf\" target=\"_blank\">pdf<\/a>)<\/td>\n<td>pf\u00fcch<\/td>\n<\/tr>\n<tr>\n<td style=\"width: 90%;\">FS Regenerative Energieumwandlung (<a href=\"wp-content\/unterlagen\/04semester\/energieumwandlung_ener\/04_ener_0000_v_000002_f_130215.pdf\" target=\"_blank\">pdf<\/a>)<\/td>\n<td>pf\u00fcch<\/td>\n<\/tr>\n<tr>\n<td style=\"width: 90%;\">Zusammenfassung (<a href=\"wp-content\/unterlagen\/04semester\/energieumwandlung_ener\/04_ener_0000_v_000003_z_130215.pdf\" target=\"_blank\">pdf<\/a>)<\/td>\n<td>pf\u00fcch<\/td>\n<\/tr>\n<\/tbody>\n<\/table>\n<p>[\/toggle]<br \/>\n[toggle title=&#8220;Prof. Rehm&#8220;]<\/p>\n<table border=\"1\">\n<tbody>\n<tr>\n<th>\u00dcbungen<\/th>\n<th>Stand<\/th>\n<tr>\n<td style=\"width: 90%;\">Aufgaben (<a href=\"wp-content\/unterlagen\/04semester\/energieumwandlung_ener\/04_ener_wore_v_000001_l_140120.pdf\" target=\"_blank\">pdf<\/a>)<\/td>\n<td>WS13<\/td>\n<\/tr>\n<\/tbody>\n<\/table>\n<p>[\/toggle]<br \/>\n[box style=&#8220;tip&#8220;]Fehler gefunden? Verbesserungsvorschl\u00e4ge? Erg\u00e4nzungen? &#8211; Dann sag <a href=\"mailto:eitboardmuc@gmail.com\">uns<\/a> Bescheid.[\/box]<\/p>\n","protected":false},"excerpt":{"rendered":"<p>Vorlesungsmaterial [toggle title=&#8220;Allgemein&#8220;] Vorlesung Stand FS Konventionelle Energieumwandlung (pdf) pf\u00fcch FS Regenerative Energieumwandlung (pdf) pf\u00fcch Zusammenfassung (pdf) pf\u00fcch [\/toggle] [toggle title=&#8220;Prof. Rehm&#8220;] \u00dcbungen Stand Aufgaben (pdf) WS13 [\/toggle] [box style=&#8220;tip&#8220;]Fehler gefunden? Verbesserungsvorschl\u00e4ge? Erg\u00e4nzungen? &#8211; Dann sag uns Bescheid.[\/box]<\/p>\n","protected":false},"author":1,"featured_media":0,"parent":856,"menu_order":0,"comment_status":"closed","ping_status":"closed","template":"page-fullwidth.php","meta":{"footnotes":""},"class_list":["post-4811","page","type-page","status-publish","hentry"],"_links":{"self":[{"href":"https:\/\/eitboard.fs04.de\/index.php?rest_route=\/wp\/v2\/pages\/4811","targetHints":{"allow":["GET"]}}],"collection":[{"href":"https:\/\/eitboard.fs04.de\/index.php?rest_route=\/wp\/v2\/pages"}],"about":[{"href":"https:\/\/eitboard.fs04.de\/index.php?rest_route=\/wp\/v2\/types\/page"}],"author":[{"embeddable":true,"href":"https:\/\/eitboard.fs04.de\/index.php?rest_route=\/wp\/v2\/users\/1"}],"replies":[{"embeddable":true,"href":"https:\/\/eitboard.fs04.de\/index.php?rest_route=%2Fwp%2Fv2%2Fcomments&post=4811"}],"version-history":[{"count":1,"href":"https:\/\/eitboard.fs04.de\/index.php?rest_route=\/wp\/v2\/pages\/4811\/revisions"}],"predecessor-version":[{"id":7368,"href":"https:\/\/eitboard.fs04.de\/index.php?rest_route=\/wp\/v2\/pages\/4811\/revisions\/7368"}],"up":[{"embeddable":true,"href":"https:\/\/eitboard.fs04.de\/index.php?rest_route=\/wp\/v2\/pages\/856"}],"wp:attachment":[{"href":"https:\/\/eitboard.fs04.de\/index.php?rest_route=%2Fwp%2Fv2%2Fmedia&parent=4811"}],"curies":[{"name":"wp","href":"https:\/\/api.w.org\/{rel}","templated":true}]}}