{"id":5308,"date":"2013-03-25T20:06:50","date_gmt":"2013-03-25T18:06:50","guid":{"rendered":"http:\/\/www.eitboard.de\/?page_id=5308"},"modified":"2014-03-10T21:13:33","modified_gmt":"2014-03-10T19:13:33","slug":"computernetze","status":"publish","type":"page","link":"https:\/\/eitboard.fs04.de\/?page_id=5308","title":{"rendered":"Computernetze"},"content":{"rendered":"<h2>Vorlesungsmaterial<\/h2>\n<p>[toggle title=&#8220;Allgemein&#8220;]<\/p>\n<table border=\"1\">\n<tbody>\n<tr>\n<th>Unterlagen<\/th>\n<th>Stand<\/th>\n<\/tr>\n<tr>\n<td style=\"width: 90%;\">Abk\u00fcrzungen + Erkl\u00e4rungen (<a href=\"https:\/\/docs.google.com\/document\/d\/14iWwWRo0aCKz1lA0UcXjjZOgIrSu-LzJ_R174SJMP-A\/edit?usp=sharing\" target=\"_blank\">Drive<\/a>)<\/td>\n<td>SS13<\/td>\n<\/tr>\n<tr>\n<td style=\"width: 90%;\">Liste wichtiger Ports (<a href=\"https:\/\/docs.google.com\/document\/d\/1h0aHNXQ_Zx_raUE7Y1KeH5r1qfP__jmqN1wODBH4hco\/edit?usp=sharing\" target=\"_blank\">Drive<\/a>)<\/td>\n<td>SS13<\/td>\n<\/tr>\n<tr>\n<td style=\"width: 90%;\">Diverse Worterkl\u00e4rungen (<a href=\"https:\/\/docs.google.com\/document\/d\/1Plmvb-nkupEZ2y34NX45Jl1r89-7DU1pWZv5G600Qko\/edit?usp=sharing\" target=\"_blank\">Drive<\/a>)<\/td>\n<td>SS13<\/td>\n<\/tr>\n<\/tbody>\n<\/table>\n<p>[\/toggle]<br \/>\n[toggle title=&#8220;Prof. Paul&#8220;]<\/p>\n<table border=\"1\">\n<tbody>\n<tr>\n<th>Beispiele<\/th>\n<th>Stand<\/th>\n<\/tr>\n<tr>\n<td style=\"width: 90%;\">Routing Tabellen (<a href=\"wp-content\/unterlagen\/06semester\/computernetze_comp\/06_comp_pama_v_000001_b_130325.pdf\" target=\"_blank\">pdf<\/a>)<\/td>\n<td>SS13<\/td>\n<\/tr>\n<tr>\n<td style=\"width: 90%;\">Exkurs: NAT (<a href=\"wp-content\/unterlagen\/06semester\/computernetze_comp\/06_comp_pama_v_000002_b_130408.pdf\" target=\"_blank\">pdf<\/a>)<\/td>\n<td>SS13<\/td>\n<\/tr>\n<tr>\n<td style=\"width: 90%;\">VLAN Tag (<a href=\"wp-content\/unterlagen\/06semester\/computernetze_comp\/06_comp_pama_v_000003_b_130415.pdf\" target=\"_blank\">pdf<\/a>)<\/td>\n<td>SS13<\/td>\n<\/tr>\n<tr>\n<td style=\"width: 90%;\">Switch Tabelle (<a href=\"wp-content\/unterlagen\/06semester\/computernetze_comp\/06_comp_pama_v_000004_b_130415.pdf\" target=\"_blank\">pdf<\/a>)<\/td>\n<td>SS13<\/td>\n<\/tr>\n<\/tbody>\n<\/table>\n<p>[\/toggle]<br \/>\n[box style=&#8220;tip&#8220;]Fehler gefunden? Verbesserungsvorschl\u00e4ge? Erg\u00e4nzungen? &#8211; Dann sag <a href=\"mailto:eitboardmuc@gmail.com\">uns<\/a> Bescheid.[\/box]<\/p>\n","protected":false},"excerpt":{"rendered":"<p>Vorlesungsmaterial [toggle title=&#8220;Allgemein&#8220;] Unterlagen Stand Abk\u00fcrzungen + Erkl\u00e4rungen (Drive) SS13 Liste wichtiger Ports (Drive) SS13 Diverse Worterkl\u00e4rungen (Drive) SS13 [\/toggle] [toggle title=&#8220;Prof. Paul&#8220;] Beispiele Stand Routing Tabellen (pdf) SS13 Exkurs: NAT (pdf) SS13 VLAN Tag (pdf) SS13 Switch Tabelle (pdf) SS13 [\/toggle] [box style=&#8220;tip&#8220;]Fehler gefunden? Verbesserungsvorschl\u00e4ge? Erg\u00e4nzungen? &#8211; Dann sag uns Bescheid.[\/box]<\/p>\n","protected":false},"author":1,"featured_media":0,"parent":5306,"menu_order":0,"comment_status":"closed","ping_status":"closed","template":"page-fullwidth.php","meta":{"footnotes":""},"class_list":["post-5308","page","type-page","status-publish","hentry"],"_links":{"self":[{"href":"https:\/\/eitboard.fs04.de\/index.php?rest_route=\/wp\/v2\/pages\/5308","targetHints":{"allow":["GET"]}}],"collection":[{"href":"https:\/\/eitboard.fs04.de\/index.php?rest_route=\/wp\/v2\/pages"}],"about":[{"href":"https:\/\/eitboard.fs04.de\/index.php?rest_route=\/wp\/v2\/types\/page"}],"author":[{"embeddable":true,"href":"https:\/\/eitboard.fs04.de\/index.php?rest_route=\/wp\/v2\/users\/1"}],"replies":[{"embeddable":true,"href":"https:\/\/eitboard.fs04.de\/index.php?rest_route=%2Fwp%2Fv2%2Fcomments&post=5308"}],"version-history":[{"count":1,"href":"https:\/\/eitboard.fs04.de\/index.php?rest_route=\/wp\/v2\/pages\/5308\/revisions"}],"predecessor-version":[{"id":7388,"href":"https:\/\/eitboard.fs04.de\/index.php?rest_route=\/wp\/v2\/pages\/5308\/revisions\/7388"}],"up":[{"embeddable":true,"href":"https:\/\/eitboard.fs04.de\/index.php?rest_route=\/wp\/v2\/pages\/5306"}],"wp:attachment":[{"href":"https:\/\/eitboard.fs04.de\/index.php?rest_route=%2Fwp%2Fv2%2Fmedia&parent=5308"}],"curies":[{"name":"wp","href":"https:\/\/api.w.org\/{rel}","templated":true}]}}