{"id":5544,"date":"2013-04-10T00:24:01","date_gmt":"2013-04-09T22:24:01","guid":{"rendered":"http:\/\/www.eitboard.de\/?page_id=5544"},"modified":"2014-03-10T21:14:06","modified_gmt":"2014-03-10T19:14:06","slug":"echtzeitsysteme","status":"publish","type":"page","link":"https:\/\/eitboard.fs04.de\/?page_id=5544","title":{"rendered":"Echtzeitsysteme"},"content":{"rendered":"<h2>Vorlesungsmaterial<\/h2>\n<p>[toggle title=&#8220;Prof. Seck&#8220;] <a href=\"http:\/\/www-lms.ee.hm.edu\/wiki\/index.php\/LMS:Echtzeitsysteme\" target=\"_blank\">Website<\/a><\/p>\n<table border=\"1\">\n<tbody>\n<tr>\n<th>\u00dcbungen<\/th>\n<th>Stand<\/th>\n<\/tr>\n<tr>\n<td style=\"width: 90%;\">Fragen ohne Unterlagen (<a href=\"https:\/\/docs.google.com\/document\/d\/1B1wRBM6IY3TFJQ2dgXou9tBWbNvWUXP7hECP08hX8h0\/edit?usp=sharing\" target=\"_blank\">Drive<\/a>)<\/td>\n<td>SS13<\/td>\n<\/tr>\n<\/tbody>\n<\/table>\n<table border=\"1\">\n<tbody>\n<tr>\n<th>\u00dcbungen<\/th>\n<th>Stand<\/th>\n<\/tr>\n<tr>\n<td style=\"width: 90%;\">Aufgabe 5-31 (<a href=\"wp-content\/unterlagen\/06semester\/echtzeitsysteme_echt\/06_echt_sera_v_000531_l_130410.pdf\" target=\"_blank\">pdf<\/a>)<\/td>\n<td>SS13<\/td>\n<\/tr>\n<tr>\n<td style=\"width: 90%;\">Beispiel zu Zuverl\u00e4ssigkeit + Sicherheit (<a href=\"wp-content\/unterlagen\/06semester\/echtzeitsysteme_echt\/06_echt_sera_u_000001_l_130429.pdf\" target=\"_blank\">pdf<\/a>)<\/td>\n<td>SS13<\/td>\n<\/tr>\n<tr>\n<td style=\"width: 90%;\">\u00dcbungsaufgabe zu Zuverl\u00e4ssigkeit + Sicherheit (<a href=\"wp-content\/unterlagen\/06semester\/echtzeitsysteme_echt\/06_echt_sera_v_000001_l_130702.pdf\" target=\"_blank\">pdf<\/a>)<\/td>\n<td>SS13<\/td>\n<\/tr>\n<tr>\n<td style=\"width: 90%;\">Aufgabe 2 (Messwerterfassung) (<a href=\"wp-content\/unterlagen\/06semester\/echtzeitsysteme_echt\/06_echt_sera_u_000002_l_130706.pdf\" target=\"_blank\">pdf<\/a>)<\/td>\n<td>SS13<\/td>\n<\/tr>\n<\/tbody>\n<\/table>\n<p>[\/toggle]<br \/>\n[box style=&#8220;tip&#8220;]Fehler gefunden? Verbesserungsvorschl\u00e4ge? Erg\u00e4nzungen? &#8211; Dann sag <a href=\"mailto:eitboardmuc@gmail.com\">uns<\/a> Bescheid.[\/box]<\/p>\n","protected":false},"excerpt":{"rendered":"<p>Vorlesungsmaterial [toggle title=&#8220;Prof. Seck&#8220;] Website \u00dcbungen Stand Fragen ohne Unterlagen (Drive) SS13 \u00dcbungen Stand Aufgabe 5-31 (pdf) SS13 Beispiel zu Zuverl\u00e4ssigkeit + Sicherheit (pdf) SS13 \u00dcbungsaufgabe zu Zuverl\u00e4ssigkeit + Sicherheit (pdf) SS13 Aufgabe 2 (Messwerterfassung) (pdf) SS13 [\/toggle] [box style=&#8220;tip&#8220;]Fehler gefunden? Verbesserungsvorschl\u00e4ge? Erg\u00e4nzungen? &#8211; Dann sag uns Bescheid.[\/box]<\/p>\n","protected":false},"author":1,"featured_media":0,"parent":5306,"menu_order":0,"comment_status":"closed","ping_status":"closed","template":"page-fullwidth.php","meta":{"footnotes":""},"class_list":["post-5544","page","type-page","status-publish","hentry"],"_links":{"self":[{"href":"https:\/\/eitboard.fs04.de\/index.php?rest_route=\/wp\/v2\/pages\/5544","targetHints":{"allow":["GET"]}}],"collection":[{"href":"https:\/\/eitboard.fs04.de\/index.php?rest_route=\/wp\/v2\/pages"}],"about":[{"href":"https:\/\/eitboard.fs04.de\/index.php?rest_route=\/wp\/v2\/types\/page"}],"author":[{"embeddable":true,"href":"https:\/\/eitboard.fs04.de\/index.php?rest_route=\/wp\/v2\/users\/1"}],"replies":[{"embeddable":true,"href":"https:\/\/eitboard.fs04.de\/index.php?rest_route=%2Fwp%2Fv2%2Fcomments&post=5544"}],"version-history":[{"count":1,"href":"https:\/\/eitboard.fs04.de\/index.php?rest_route=\/wp\/v2\/pages\/5544\/revisions"}],"predecessor-version":[{"id":7390,"href":"https:\/\/eitboard.fs04.de\/index.php?rest_route=\/wp\/v2\/pages\/5544\/revisions\/7390"}],"up":[{"embeddable":true,"href":"https:\/\/eitboard.fs04.de\/index.php?rest_route=\/wp\/v2\/pages\/5306"}],"wp:attachment":[{"href":"https:\/\/eitboard.fs04.de\/index.php?rest_route=%2Fwp%2Fv2%2Fmedia&parent=5544"}],"curies":[{"name":"wp","href":"https:\/\/api.w.org\/{rel}","templated":true}]}}