{"id":566,"date":"2011-11-02T10:24:02","date_gmt":"2011-11-02T08:24:02","guid":{"rendered":"http:\/\/www.eitboard.de\/?page_id=566"},"modified":"2016-08-23T19:29:51","modified_gmt":"2016-08-23T17:29:51","slug":"mathematik-2","status":"publish","type":"page","link":"https:\/\/eitboard.fs04.de\/?page_id=566","title":{"rendered":"Mathematik 2"},"content":{"rendered":"<h2>Tutorium<\/h2>\n<p>[toggle title=&#8220;Prof. Kahl&#8220;]<\/p>\n<div style=\"font-size: 10; color: #000000;\">Tim Seyler<\/div>\n<table border=\"1\">\n<tbody>\n<tr>\n<th>\u00dcbungen\/L\u00f6sungen<\/th>\n<th>Stand<\/th>\n<\/tr>\n<tr>\n<td style=\"width: 90%;\">Kurvenintegrale (<a href=\"wp-content\/unterlagen\/02semester\/mathematik_math\/02_math_kahe_t_000001_u_111112.pdf\" target=\"_blank\">Aufgaben<\/a>, <a href=\"wp-content\/unterlagen\/02semester\/mathematik_math\/02_math_kahe_t_000001_l_111112.pdf\" target=\"_blank\">L\u00f6sungen<\/a>)<\/td>\n<td>SS11<\/td>\n<\/tr>\n<tr>\n<td style=\"width: 90%;\">Differenzialgleichungen 1 (<a href=\"wp-content\/unterlagen\/02semester\/mathematik_math\/02_math_kahe_t_000002_u_111112.pdf\" target=\"_blank\">Aufgaben<\/a>, <a href=\"wp-content\/unterlagen\/02semester\/mathematik_math\/02_math_kahe_t_000002_l_111112.pdf\" target=\"_blank\">L\u00f6sungen<\/a>)<\/td>\n<td>SS11<\/td>\n<\/tr>\n<tr>\n<td style=\"width: 90%;\">Grundlagen 1 (<a href=\"wp-content\/unterlagen\/02semester\/mathematik_math\/02_math_kahe_t_000003_u_111112.pdf\" target=\"_blank\">Aufgaben<\/a>, <a href=\"wp-content\/unterlagen\/02semester\/mathematik_math\/02_math_kahe_t_000003_l_111112.pdf\" target=\"_blank\">L\u00f6sungen<\/a>)<\/td>\n<td>SS11<\/td>\n<\/tr>\n<tr>\n<td style=\"width: 90%;\">Integralrechnung 1 (<a href=\"wp-content\/unterlagen\/02semester\/mathematik_math\/02_math_kahe_t_000004_u_111112.pdf\" target=\"_blank\">Aufgaben<\/a>, <a href=\"wp-content\/unterlagen\/02semester\/mathematik_math\/02_math_kahe_t_000004_l_111112.pdf\" target=\"_blank\">L\u00f6sungen<\/a>)<\/td>\n<td>SS11<\/td>\n<\/tr>\n<tr>\n<td style=\"width: 90%;\">Integralrechnung 2 (<a href=\"wp-content\/unterlagen\/02semester\/mathematik_math\/02_math_t_000005_u_111112.pdf\" target=\"_blank\">Aufgaben<\/a>, <a href=\"wp-content\/unterlagen\/02semester\/mathematik_math\/02_math_t_000005_l_111112.pdf\" target=\"_blank\">L\u00f6sungen<\/a>)<\/td>\n<td>SS11<\/td>\n<\/tr>\n<tr>\n<td style=\"width: 90%;\">Folgen &amp; Reihen (<a href=\"wp-content\/unterlagen\/02semester\/mathematik_math\/02_math_kahe_t_000006_u_111112.pdf\" target=\"_blank\">Aufgaben<\/a>, <a href=\"wp-content\/unterlagen\/02semester\/mathematik_math\/02_math_kahe_t_000006_l_111112.pdf\" target=\"_blank\">L\u00f6sungen<\/a>)<\/td>\n<td>SS11<\/td>\n<\/tr>\n<tr>\n<td style=\"width: 90%;\">Grundlagen 2 (<a href=\"wp-content\/unterlagen\/02semester\/mathematik_math\/02_math_kahe_t_000007_u_111112.pdf\" target=\"_blank\">Aufgaben<\/a>, <a href=\"wp-content\/unterlagen\/02semester\/mathematik_math\/02_math_kahe_t_000007_l_111112.pdf\" target=\"_blank\">L\u00f6sungen<\/a>)<\/td>\n<td>SS11<\/td>\n<\/tr>\n<tr>\n<td style=\"width: 90%;\">Differenzialgleichungen &amp; Laplace (<a href=\"wp-content\/unterlagen\/02semester\/mathematik_math\/02_math_kahe_t_000008_u_111112.pdf\" target=\"_blank\">Aufgaben<\/a>, <a href=\"wp-content\/unterlagen\/02semester\/mathematik_math\/02_math_kahe_t_000008_l_111112.pdf\" target=\"_blank\">L\u00f6sungen<\/a>)<\/td>\n<td>SS11<\/td>\n<\/tr>\n<tr>\n<td style=\"width: 90%;\">Differentialgleichungen 2 (<a href=\"wp-content\/unterlagen\/02semester\/mathematik_math\/02_math_kahe_t_000009_u_111112.pdf\" target=\"_blank\">Aufgaben<\/a>, <a href=\"wp-content\/unterlagen\/02semester\/mathematik_math\/02_math_kahe_t_000009_l_111112.pdf\" target=\"_blank\">L\u00f6sungen<\/a>)<\/td>\n<td>SS11<\/td>\n<\/tr>\n<tr>\n<td style=\"width: 90%;\">Probeklausur (<a href=\"wp-content\/unterlagen\/02semester\/mathematik_math\/02_math_kahe_t_000010_k_111112.pdf\" target=\"_blank\">Aufgaben<\/a>, <a href=\"wp-content\/unterlagen\/02semester\/mathematik_math\/02_math_kahe_t_000010_l_111112.pdf\" target=\"_blank\">L\u00f6sungen<\/a>)<\/td>\n<td>SS11<\/td>\n<\/tr>\n<\/tbody>\n<\/table>\n<table border=\"1\">\n<tbody>\n<tr>\n<th>Erg\u00e4nzungen<\/th>\n<th>Stand<\/th>\n<\/tr>\n<tr>\n<td style=\"width: 90%;\"><a href=\"wp-content\/unterlagen\/02semester\/mathematik_math\/02_math_kahe_t_000001_e_111112.pdf\" target=\"_blank\">Integralrechnung<\/a><\/td>\n<td>SS11<\/td>\n<\/tr>\n<tr>\n<td style=\"width: 90%;\"><a href=\"wp-content\/unterlagen\/02semester\/mathematik_math\/02_math_kahe_t_000002_e_111112.pdf\" target=\"_blank\">Integrationsreihenfolge<\/a><\/td>\n<td>SS11<\/td>\n<\/tr>\n<tr>\n<td style=\"width: 90%;\"><a href=\"wp-content\/unterlagen\/02semester\/mathematik_math\/02_math_kahe_t_000003_e_111112.pdf\" target=\"_blank\">Differentialgleichungen<\/a><\/td>\n<td>SS11<\/td>\n<\/tr>\n<tr>\n<td style=\"width: 90%;\"><a href=\"wp-content\/unterlagen\/02semester\/mathematik_math\/02_math_kahe_t_000004_e_111112.pdf\" target=\"_blank\">Konvergenzradius<\/a><\/td>\n<td>SS11<\/td>\n<\/tr>\n<tr>\n<td style=\"width: 90%;\"><a href=\"wp-content\/unterlagen\/02semester\/mathematik_math\/02_math_kahe_t_000005_e_111112.pdf\" target=\"_blank\">Kreisfl\u00e4che<\/a><\/td>\n<td>SS11<\/td>\n<\/tr>\n<tr>\n<td style=\"width: 90%;\"><a href=\"wp-content\/unterlagen\/02semester\/mathematik_math\/02_math_kahe_t_000006_e_111112.pdf\" target=\"_blank\">Checkliste Klausur<\/a><\/td>\n<td>SS11<\/td>\n<\/tr>\n<\/tbody>\n<\/table>\n<div style=\"font-size: 10; color: #000000;\">Tutor unbekannt<\/div>\n<table border=\"1\">\n<tbody>\n<tr>\n<th>\u00dcbungen\/L\u00f6sungen<\/th>\n<th>Stand<\/th>\n<\/tr>\n<tr>\n<td style=\"width: 90%;\">Blatt 1 (<a href=\"wp-content\/unterlagen\/02semester\/mathematik_math\/02_math_kahe_t_000001_u_121101.pdf\" target=\"_blank\">Aufgaben<\/a>, <a href=\"wp-content\/unterlagen\/02semester\/mathematik_math\/02_math_kahe_t_000001_l_121101.pdf\" target=\"_blank\">L\u00f6sungen<\/a>)<\/td>\n<td>SS08<\/td>\n<\/tr>\n<tr>\n<td style=\"width: 90%;\">Blatt 2 (<a href=\"wp-content\/unterlagen\/02semester\/mathematik_math\/02_math_kahe_t_000002_u_121101.pdf\" target=\"_blank\">Aufgaben<\/a>, <a href=\"wp-content\/unterlagen\/02semester\/mathematik_math\/02_math_kahe_t_000002_l_121101.pdf\" target=\"_blank\">L\u00f6sungen<\/a>)<\/td>\n<td>SS08<\/td>\n<\/tr>\n<tr>\n<td style=\"width: 90%;\">Blatt 3 (<a href=\"wp-content\/unterlagen\/02semester\/mathematik_math\/02_math_kahe_t_000003_u_121101.pdf\" target=\"_blank\">Aufgaben<\/a>, <a href=\"wp-content\/unterlagen\/02semester\/mathematik_math\/02_math_kahe_t_000003_l_121101.pdf\" target=\"_blank\">L\u00f6sungen<\/a>)<\/td>\n<td>SS08<\/td>\n<\/tr>\n<tr>\n<td style=\"width: 90%;\">Blatt 4 (<a href=\"wp-content\/unterlagen\/02semester\/mathematik_math\/02_math_kahe_t_000004_u_121101.pdf\" target=\"_blank\">Aufgaben<\/a>, <a href=\"wp-content\/unterlagen\/02semester\/mathematik_math\/02_math_kahe_t_000004_l_121101.pdf\" target=\"_blank\">L\u00f6sungen<\/a>)<\/td>\n<td>SS08<\/td>\n<\/tr>\n<tr>\n<td style=\"width: 90%;\">Blatt 5 (<a href=\"wp-content\/unterlagen\/02semester\/mathematik_math\/02_math_kahe_t_000005_u_121101.pdf\" target=\"_blank\">Aufgaben<\/a>, <a href=\"wp-content\/unterlagen\/02semester\/mathematik_math\/02_math_kahe_t_000005_l_121101.pdf\" target=\"_blank\">L\u00f6sungen<\/a>)<\/td>\n<td>SS08<\/td>\n<\/tr>\n<tr>\n<td style=\"width: 90%;\">Blatt 6 (<a href=\"wp-content\/unterlagen\/02semester\/mathematik_math\/02_math_kahe_t_000006_u_121101.pdf\" target=\"_blank\">Aufgaben<\/a>, <a href=\"wp-content\/unterlagen\/02semester\/mathematik_math\/02_math_kahe_t_000006_l_121101.pdf\" target=\"_blank\">L\u00f6sungen<\/a>)<\/td>\n<td>SS08<\/td>\n<\/tr>\n<tr>\n<td style=\"width: 90%;\">Blatt 7 (<a href=\"wp-content\/unterlagen\/02semester\/mathematik_math\/02_math_kahe_t_000007_u_121101.pdf\" target=\"_blank\">Aufgaben<\/a>, <a href=\"wp-content\/unterlagen\/02semester\/mathematik_math\/02_math_kahe_t_000007_l_121101.pdf\" target=\"_blank\">L\u00f6sungen<\/a>)<\/td>\n<td>SS08<\/td>\n<\/tr>\n<tr>\n<td style=\"width: 90%;\">Blatt 8 (<a href=\"wp-content\/unterlagen\/02semester\/mathematik_math\/02_math_kahe_t_000008_u_121101.pdf\" target=\"_blank\">Aufgaben<\/a>, <a href=\"wp-content\/unterlagen\/02semester\/mathematik_math\/02_math_kahe_t_000008_l_121101.pdf\" target=\"_blank\">L\u00f6sungen<\/a>)<\/td>\n<td>SS08<\/td>\n<\/tr>\n<\/tbody>\n<\/table>\n<p>[\/toggle]<br \/>\n[box style=&#8220;tip&#8220;]Fehler gefunden? Verbesserungsvorschl\u00e4ge? Erg\u00e4nzungen? &#8211; Dann sag uns Bescheid.[\/box]<\/p>\n","protected":false},"excerpt":{"rendered":"<p>Tutorium [toggle title=&#8220;Prof. Kahl&#8220;] Tim Seyler \u00dcbungen\/L\u00f6sungen Stand Kurvenintegrale (Aufgaben, L\u00f6sungen) SS11 Differenzialgleichungen 1 (Aufgaben, L\u00f6sungen) SS11 Grundlagen 1 (Aufgaben, L\u00f6sungen) SS11 Integralrechnung 1 (Aufgaben, L\u00f6sungen) SS11 Integralrechnung 2 (Aufgaben, L\u00f6sungen) SS11 Folgen &amp; Reihen (Aufgaben, L\u00f6sungen) SS11 Grundlagen 2 (Aufgaben, L\u00f6sungen) SS11 Differenzialgleichungen &amp; Laplace (Aufgaben, L\u00f6sungen) SS11 Differentialgleichungen 2 (Aufgaben, L\u00f6sungen) SS11 Probeklausur [&hellip;]<\/p>\n","protected":false},"author":1,"featured_media":0,"parent":560,"menu_order":1,"comment_status":"closed","ping_status":"closed","template":"","meta":{"footnotes":""},"class_list":["post-566","page","type-page","status-publish","hentry"],"_links":{"self":[{"href":"https:\/\/eitboard.fs04.de\/index.php?rest_route=\/wp\/v2\/pages\/566","targetHints":{"allow":["GET"]}}],"collection":[{"href":"https:\/\/eitboard.fs04.de\/index.php?rest_route=\/wp\/v2\/pages"}],"about":[{"href":"https:\/\/eitboard.fs04.de\/index.php?rest_route=\/wp\/v2\/types\/page"}],"author":[{"embeddable":true,"href":"https:\/\/eitboard.fs04.de\/index.php?rest_route=\/wp\/v2\/users\/1"}],"replies":[{"embeddable":true,"href":"https:\/\/eitboard.fs04.de\/index.php?rest_route=%2Fwp%2Fv2%2Fcomments&post=566"}],"version-history":[{"count":3,"href":"https:\/\/eitboard.fs04.de\/index.php?rest_route=\/wp\/v2\/pages\/566\/revisions"}],"predecessor-version":[{"id":7677,"href":"https:\/\/eitboard.fs04.de\/index.php?rest_route=\/wp\/v2\/pages\/566\/revisions\/7677"}],"up":[{"embeddable":true,"href":"https:\/\/eitboard.fs04.de\/index.php?rest_route=\/wp\/v2\/pages\/560"}],"wp:attachment":[{"href":"https:\/\/eitboard.fs04.de\/index.php?rest_route=%2Fwp%2Fv2%2Fmedia&parent=566"}],"curies":[{"name":"wp","href":"https:\/\/api.w.org\/{rel}","templated":true}]}}