{"id":882,"date":"2011-11-21T18:09:42","date_gmt":"2011-11-21T16:09:42","guid":{"rendered":"http:\/\/78.47.122.146\/?page_id=882"},"modified":"2016-08-23T19:29:38","modified_gmt":"2016-08-23T17:29:38","slug":"digitaltechnik","status":"publish","type":"page","link":"https:\/\/eitboard.fs04.de\/?page_id=882","title":{"rendered":"Digitaltechnik"},"content":{"rendered":"<h2>Vorlesungsmaterial<\/h2>\n<p>[toggle title=&#8220;Prof. Jaschul\/Schmitt&#8220;]<\/p>\n<table border=\"1\">\n<tbody>\n<tr>\n<th>Vorlesung<\/th>\n<th>Stand<\/th>\n<\/tr>\n<tr>\n<td style=\"width: 90%;\">Allgemeine Fragen zur Pr\u00fcfungsvorbereitung (<a href=\"wp-content\/unterlagen\/02semester\/digitaltechnik_digi\/02_digi_scbe_v_000001_u_111118.pdf\" target=\"_blank\">pdf<\/a>)<\/td>\n<td>WS10<\/td>\n<\/tr>\n<\/tbody>\n<\/table>\n<table border=\"1\">\n<tbody>\n<tr>\n<th>Erg\u00e4nzungen<\/th>\n<th>Stand<\/th>\n<\/tr>\n<tr>\n<td style=\"width: 90%;\">\u00dcbersicht: Gatter (<a href=\"wp-content\/unterlagen\/02semester\/digitaltechnik_digi\/02_digi_seti_v_000001_e_120711.pdf\" target=\"_blank\">pdf<\/a>)<\/td>\n<td>SS12<\/td>\n<\/tr>\n<\/tbody>\n<\/table>\n<p>[\/toggle]<br \/>\n[box style=&#8220;tip&#8220;]Fehler gefunden? Verbesserungsvorschl\u00e4ge? Erg\u00e4nzungen? &#8211; Dann sag uns Bescheid.[\/box]<\/p>\n","protected":false},"excerpt":{"rendered":"<p>Vorlesungsmaterial [toggle title=&#8220;Prof. Jaschul\/Schmitt&#8220;] Vorlesung Stand Allgemeine Fragen zur Pr\u00fcfungsvorbereitung (pdf) WS10 Erg\u00e4nzungen Stand \u00dcbersicht: Gatter (pdf) SS12 [\/toggle] [box style=&#8220;tip&#8220;]Fehler gefunden? Verbesserungsvorschl\u00e4ge? Erg\u00e4nzungen? &#8211; Dann sag uns Bescheid.[\/box]<\/p>\n","protected":false},"author":2,"featured_media":0,"parent":560,"menu_order":0,"comment_status":"closed","ping_status":"closed","template":"","meta":{"footnotes":""},"class_list":["post-882","page","type-page","status-publish","hentry"],"_links":{"self":[{"href":"https:\/\/eitboard.fs04.de\/index.php?rest_route=\/wp\/v2\/pages\/882","targetHints":{"allow":["GET"]}}],"collection":[{"href":"https:\/\/eitboard.fs04.de\/index.php?rest_route=\/wp\/v2\/pages"}],"about":[{"href":"https:\/\/eitboard.fs04.de\/index.php?rest_route=\/wp\/v2\/types\/page"}],"author":[{"embeddable":true,"href":"https:\/\/eitboard.fs04.de\/index.php?rest_route=\/wp\/v2\/users\/2"}],"replies":[{"embeddable":true,"href":"https:\/\/eitboard.fs04.de\/index.php?rest_route=%2Fwp%2Fv2%2Fcomments&post=882"}],"version-history":[{"count":2,"href":"https:\/\/eitboard.fs04.de\/index.php?rest_route=\/wp\/v2\/pages\/882\/revisions"}],"predecessor-version":[{"id":7674,"href":"https:\/\/eitboard.fs04.de\/index.php?rest_route=\/wp\/v2\/pages\/882\/revisions\/7674"}],"up":[{"embeddable":true,"href":"https:\/\/eitboard.fs04.de\/index.php?rest_route=\/wp\/v2\/pages\/560"}],"wp:attachment":[{"href":"https:\/\/eitboard.fs04.de\/index.php?rest_route=%2Fwp%2Fv2%2Fmedia&parent=882"}],"curies":[{"name":"wp","href":"https:\/\/api.w.org\/{rel}","templated":true}]}}